{"id":14,"date":"2015-10-13T02:54:33","date_gmt":"2015-10-13T02:54:33","guid":{"rendered":"http:\/\/molly.thememove.com\/?page_id=14"},"modified":"2024-11-10T18:10:38","modified_gmt":"2024-11-10T16:10:38","slug":"homepage","status":"publish","type":"page","link":"https:\/\/mamafika.pl\/en\/","title":{"rendered":"home"},"content":{"rendered":"<p>[vc_row full_width=&#8221;stretch_row&#8221; enable_gradient=&#8221;yes&#8221; bg_gradient=&#8221;background: -webkit-gradient(linear, left top, left bottom, color-stop(0%, rgba(230, 230, 230, 0.2)), color-stop(100%, rgb(255, 255, 255)));background: -moz-linear-gradient(90deg,rgba(230, 230, 230, 0.2) 0%,rgb(255, 255, 255) 100%);background: -webkit-linear-gradient(90deg,rgba(230, 230, 230, 0.2) 0%,rgb(255, 255, 255) 100%);background: -o-linear-gradient(90deg,rgba(230, 230, 230, 0.2) 0%,rgb(255, 255, 255) 100%);background: -ms-linear-gradient(90deg,rgba(230, 230, 230, 0.2) 0%,rgb(255, 255, 255) 100%);background: linear-gradient(0deg,rgba(230, 230, 230, 0.2) 0%,rgb(255, 255, 255) 100%);&#8221; el_class=&#8221;nowosci&#8221;][vc_column][vc_empty_space height=&#8221;30px&#8221;][thememove_custom_heading text=&#8221;KATEGORIE&#8221; line_color=&#8221;#eeeeee&#8221; letter_spacing=&#8221;lg:-0.03&#8243; small_text=&#8221;Nasze kategorie&#8221; small_text_letter_spacing=&#8221;lg:0&#8243; el_class=&#8221;nowosci&#8221; link=&#8221;url:https%3A%2F%2Fmamafika.pl%2Fsklep%2F&#8221;][vc_empty_space height=&#8221;10&#8243;][thememove_woo_product_categories number=&#8221;8&#8243; hide_count=&#8221;yes&#8221; number_of_cols_md=&#8221;2&#8243; orderby=&#8221;title&#8221; order=&#8221;ASC&#8221; ids=&#8221;330, 396, 395, 399&#8243;][\/vc_column][\/vc_row][vc_row full_width=&#8221;stretch_row&#8221; enable_gradient=&#8221;yes&#8221; bg_gradient=&#8221;background: -webkit-gradient(linear, left top, left bottom, color-stop(0%, rgba(230, 230, 230, 0.2)), color-stop(100%, rgb(255, 255, 255)));background: -moz-linear-gradient(90deg,rgba(230, 230, 230, 0.2) 0%,rgb(255, 255, 255) 100%);background: -webkit-linear-gradient(90deg,rgba(230, 230, 230, 0.2) 0%,rgb(255, 255, 255) 100%);background: -o-linear-gradient(90deg,rgba(230, 230, 230, 0.2) 0%,rgb(255, 255, 255) 100%);background: -ms-linear-gradient(90deg,rgba(230, 230, 230, 0.2) 0%,rgb(255, 255, 255) 100%);background: linear-gradient(0deg,rgba(230, 230, 230, 0.2) 0%,rgb(255, 255, 255) 100%);&#8221; el_id=&#8221;nowosci&#8221; el_class=&#8221;nowosci&#8221;][vc_column][vc_empty_space height=&#8221;30px&#8221;][thememove_custom_heading text=&#8221;NOWO\u015aCI&#8221; line_color=&#8221;#eeeeee&#8221; letter_spacing=&#8221;lg:-0.03&#8243; small_text=&#8221;Wszystkie najnowsze produkty s\u0105 dost\u0119pne w sklepie&#8221; small_text_letter_spacing=&#8221;lg:0&#8243; el_class=&#8221;nowosci&#8221;][vc_empty_space height=&#8221;10&#8243;][thememove_woo_recent_products title_color=&#8221;#222222&#8243; title_bgcolor=&#8221;#111111&#8243; per_page=&#8221;6&#8243; number_of_cols_md=&#8221;3&#8243; orderby=&#8221;rand&#8221; responsive=&#8221;col-lg-20 col-sm-6&#8243; el_class=&#8221;wishlist-transparent-bg&#8221;][\/vc_column][\/vc_row][vc_row][vc_column][vc_empty_space height=&#8221;50&#8243;][\/vc_column][\/vc_row][vc_row full_width=&#8221;stretch_row&#8221; equal_height=&#8221;yes&#8221; css=&#8221;.vc_custom_1683370068339{margin-bottom: -40px !important;background-color: #0a0a0a !important;}&#8221;][vc_column width=&#8221;1\/3&#8243;][thememove_icon_box v_align=&#8221;middle&#8221; title=&#8221;GWARANCJA SATYSFAKCJI&#8221; title_font_size=&#8221;lg:15&#8243; content_font_size=&#8221;lg:14&#8243; icon_fontawesome=&#8221;fa fa-money&#8221; icon_font_size=&#8221;lg:30&#8243; with_bg=&#8221;yes&#8221; title_font_color=&#8221;#ffffff&#8221; content_font_color=&#8221;#aaaaaa&#8221; icon_color=&#8221;#ffffff&#8221; icon_bgcolor=&#8221;#c6798e&#8221;]<em>14 dni na zwrot towaru!<\/em>[\/thememove_icon_box][\/vc_column][vc_column width=&#8221;1\/3&#8243;][thememove_icon_box v_align=&#8221;middle&#8221; title=&#8221;P\u0141A\u0106 BEZPIECZNIE&#8221; title_font_size=&#8221;lg:15&#8243; content_font_size=&#8221;lg:14&#8243; icon_fontawesome=&#8221;fa fa-shield&#8221; icon_font_size=&#8221;lg:30&#8243; with_bg=&#8221;yes&#8221; title_font_color=&#8221;#ffffff&#8221; content_font_color=&#8221;#aaaaaa&#8221; icon_color=&#8221;#ffffff&#8221; icon_bgcolor=&#8221;#c6798e&#8221;]<em>U\u017cywamy najwy\u017cszej jako\u015bci zabezpiecze\u0144<\/em>[\/thememove_icon_box][\/vc_column][vc_column width=&#8221;1\/3&#8243;][thememove_icon_box v_align=&#8221;middle&#8221; title=&#8221;DARMOWA PRZESY\u0141KA&#8221; title_font_size=&#8221;lg:15&#8243; content_font_size=&#8221;lg:14&#8243; icon_fontawesome=&#8221;fa fa-truck&#8221; icon_font_size=&#8221;lg:30&#8243; with_bg=&#8221;yes&#8221; title_font_color=&#8221;#ffffff&#8221; content_font_color=&#8221;#aaaaaa&#8221; icon_color=&#8221;#ffffff&#8221; icon_bgcolor=&#8221;#c6798e&#8221;]<em>Przy zam\u00f3wieniach powy\u017cej 400z\u0142<\/em>[\/thememove_icon_box][\/vc_column][\/vc_row]<\/p>\n","protected":false},"excerpt":{"rendered":"<p>[vc_row full_width=&#8221;stretch_row&#8221; enable_gradient=&#8221;yes&#8221; bg_gradient=&#8221;background: -webkit-gradient(linear, left top, left bottom, color-stop(0%, rgba(230, 230, 230, 0.2)), color-stop(100%, rgb(255, 255, 255)));background: -moz-linear-gradient(90deg,rgba(230, 230, 230, 0.2) 0%,rgb(255, 255, 255) 100%);background: -webkit-linear-gradient(90deg,rgba(230, 230, 230, 0.2) 0%,rgb(255, 255, 255) 100%);background: -o-linear-gradient(90deg,rgba(230, 230, 230, 0.2) 0%,rgb(255, 255, 255) 100%);background: -ms-linear-gradient(90deg,rgba(230, 230, 230, 0.2) 0%,rgb(255, 255, 255) 100%);background: linear-gradient(0deg,rgba(230, 230, 230, 0.2) 0%,rgb(255, [&hellip;]<\/p>\n","protected":false},"author":1,"featured_media":0,"parent":0,"menu_order":0,"comment_status":"closed","ping_status":"closed","template":"","meta":{"footnotes":""},"class_list":["post-14","page","type-page","status-publish","hentry"],"jetpack_sharing_enabled":true,"_links":{"self":[{"href":"https:\/\/mamafika.pl\/en\/wp-json\/wp\/v2\/pages\/14"}],"collection":[{"href":"https:\/\/mamafika.pl\/en\/wp-json\/wp\/v2\/pages"}],"about":[{"href":"https:\/\/mamafika.pl\/en\/wp-json\/wp\/v2\/types\/page"}],"author":[{"embeddable":true,"href":"https:\/\/mamafika.pl\/en\/wp-json\/wp\/v2\/users\/1"}],"replies":[{"embeddable":true,"href":"https:\/\/mamafika.pl\/en\/wp-json\/wp\/v2\/comments?post=14"}],"version-history":[{"count":58,"href":"https:\/\/mamafika.pl\/en\/wp-json\/wp\/v2\/pages\/14\/revisions"}],"predecessor-version":[{"id":7147,"href":"https:\/\/mamafika.pl\/en\/wp-json\/wp\/v2\/pages\/14\/revisions\/7147"}],"wp:attachment":[{"href":"https:\/\/mamafika.pl\/en\/wp-json\/wp\/v2\/media?parent=14"}],"curies":[{"name":"wp","href":"https:\/\/api.w.org\/{rel}","templated":true}]}}