{"id":5824,"date":"2018-01-15T21:10:23","date_gmt":"2018-01-15T19:10:23","guid":{"rendered":"https:\/\/mamafika.pl\/?post_type=product&#038;p=5824"},"modified":"2023-12-29T15:04:32","modified_gmt":"2023-12-29T13:04:32","slug":"pastelowa-chusta","status":"publish","type":"product","link":"https:\/\/mamafika.pl\/en\/sklep\/kominy\/pastelowa-chusta\/","title":{"rendered":"(Polski) Pastelowa chusta"},"content":{"rendered":"<p class=\"qtranxs-available-languages-message qtranxs-available-languages-message-en\">Sorry, this entry is only available in <a href=\"https:\/\/mamafika.pl\/pl\/wp-json\/wp\/v2\/product\/5824\" class=\"qtranxs-available-language-link qtranxs-available-language-link-pl\" title=\"Polski\">Polski<\/a>.<\/p>\n","protected":false},"excerpt":{"rendered":"<p>(Polski) Chusta wykonana r\u0119cznie na szyde\u0142ku z mi\u0119kkiej akrylowej w\u0142\u00f3czki. W kolorze be\u017cu, r\u00f3\u017cu oraz szaro\u015bci.<\/p>\n<p>Wymiary na p\u0142asko bez rozci\u0105gania:\u00a0podstawa tr\u00f3jk\u0105ta\u00a0170cm,\u00a0wysoko\u015b\u0107 do wierzcho\u0142ka\u00a076cm<\/p>\n","protected":false},"featured_media":5825,"template":"","meta":[],"product_brand":[],"product_cat":[398],"product_tag":[],"class_list":{"0":"post-5824","1":"product","2":"type-product","3":"status-publish","4":"has-post-thumbnail","6":"product_cat-kominy","8":"first","9":"instock","10":"sold-individually","11":"shipping-taxable","12":"purchasable","13":"product-type-simple"},"jetpack_sharing_enabled":true,"_links":{"self":[{"href":"https:\/\/mamafika.pl\/en\/wp-json\/wp\/v2\/product\/5824"}],"collection":[{"href":"https:\/\/mamafika.pl\/en\/wp-json\/wp\/v2\/product"}],"about":[{"href":"https:\/\/mamafika.pl\/en\/wp-json\/wp\/v2\/types\/product"}],"wp:featuredmedia":[{"embeddable":true,"href":"https:\/\/mamafika.pl\/en\/wp-json\/wp\/v2\/media\/5825"}],"wp:attachment":[{"href":"https:\/\/mamafika.pl\/en\/wp-json\/wp\/v2\/media?parent=5824"}],"wp:term":[{"taxonomy":"product_brand","embeddable":true,"href":"https:\/\/mamafika.pl\/en\/wp-json\/wp\/v2\/product_brand?post=5824"},{"taxonomy":"product_cat","embeddable":true,"href":"https:\/\/mamafika.pl\/en\/wp-json\/wp\/v2\/product_cat?post=5824"},{"taxonomy":"product_tag","embeddable":true,"href":"https:\/\/mamafika.pl\/en\/wp-json\/wp\/v2\/product_tag?post=5824"}],"curies":[{"name":"wp","href":"https:\/\/api.w.org\/{rel}","templated":true}]}}