{"id":5869,"date":"2018-01-22T22:48:37","date_gmt":"2018-01-22T20:48:37","guid":{"rendered":"https:\/\/mamafika.pl\/?post_type=product&#038;p=5869"},"modified":"2019-01-04T22:52:39","modified_gmt":"2019-01-04T20:52:39","slug":"granatowa-sukienka","status":"publish","type":"product","link":"https:\/\/mamafika.pl\/en\/sklep\/uncategorized\/granatowa-sukienka\/","title":{"rendered":"(Polski) Granatowa sukienka"},"content":{"rendered":"<p class=\"qtranxs-available-languages-message qtranxs-available-languages-message-en\">Sorry, this entry is only available in <a href=\"https:\/\/mamafika.pl\/pl\/wp-json\/wp\/v2\/product\/5869\" class=\"qtranxs-available-language-link qtranxs-available-language-link-pl\" title=\"Polski\">Polski<\/a>.<\/p>\n","protected":false},"excerpt":{"rendered":"<p>(Polski) Sukienka wykonana r\u0119cznie na drutach, z mi\u0119kkiej akrylowej w\u0142\u00f3czki, w kolorze granatowym.<\/p>\n<p>Wymiary na p\u0142asko bez rozci\u0105gania:\u00a0d\u0142ugo\u015b\u0107 ca\u0142kowita 52cm,\u00a0obw\u00f3d w pasie 44<\/p>\n","protected":false},"featured_media":5870,"template":"","meta":[],"product_brand":[],"product_cat":[],"product_tag":[],"class_list":{"0":"post-5869","1":"product","2":"type-product","3":"status-publish","4":"has-post-thumbnail","7":"first","8":"instock","9":"sold-individually","10":"shipping-taxable","11":"purchasable","12":"product-type-simple"},"jetpack_sharing_enabled":true,"_links":{"self":[{"href":"https:\/\/mamafika.pl\/en\/wp-json\/wp\/v2\/product\/5869"}],"collection":[{"href":"https:\/\/mamafika.pl\/en\/wp-json\/wp\/v2\/product"}],"about":[{"href":"https:\/\/mamafika.pl\/en\/wp-json\/wp\/v2\/types\/product"}],"wp:featuredmedia":[{"embeddable":true,"href":"https:\/\/mamafika.pl\/en\/wp-json\/wp\/v2\/media\/5870"}],"wp:attachment":[{"href":"https:\/\/mamafika.pl\/en\/wp-json\/wp\/v2\/media?parent=5869"}],"wp:term":[{"taxonomy":"product_brand","embeddable":true,"href":"https:\/\/mamafika.pl\/en\/wp-json\/wp\/v2\/product_brand?post=5869"},{"taxonomy":"product_cat","embeddable":true,"href":"https:\/\/mamafika.pl\/en\/wp-json\/wp\/v2\/product_cat?post=5869"},{"taxonomy":"product_tag","embeddable":true,"href":"https:\/\/mamafika.pl\/en\/wp-json\/wp\/v2\/product_tag?post=5869"}],"curies":[{"name":"wp","href":"https:\/\/api.w.org\/{rel}","templated":true}]}}