{"id":6146,"date":"2023-05-29T21:21:51","date_gmt":"2023-05-29T19:21:51","guid":{"rendered":"https:\/\/mamafika.pl\/?post_type=product&#038;p=6146"},"modified":"2023-12-29T12:53:02","modified_gmt":"2023-12-29T10:53:02","slug":"bluza-dziecieca-yoda","status":"publish","type":"product","link":"https:\/\/mamafika.pl\/en\/sklep\/bluzy\/bluza-dziecieca-yoda\/","title":{"rendered":"(Polski) Bluza dzieci\u0119ca Yoda"},"content":{"rendered":"","protected":false},"excerpt":{"rendered":"<p>(Polski) Bluza wykonana z bawe\u0142nianej dres\u00f3wki drapanej 300 G<\/p>\n<p>Rozmiar: 98-104<\/p>\n<h1 class=\"h4 secondary\"><\/h1>\n","protected":false},"featured_media":6148,"template":"","meta":[],"product_brand":[],"product_cat":[399],"product_tag":[],"class_list":{"0":"post-6146","1":"product","2":"type-product","3":"status-publish","4":"has-post-thumbnail","6":"product_cat-bluzy","8":"first","9":"instock","10":"shipping-taxable","11":"purchasable","12":"product-type-simple"},"jetpack_sharing_enabled":true,"_links":{"self":[{"href":"https:\/\/mamafika.pl\/en\/wp-json\/wp\/v2\/product\/6146"}],"collection":[{"href":"https:\/\/mamafika.pl\/en\/wp-json\/wp\/v2\/product"}],"about":[{"href":"https:\/\/mamafika.pl\/en\/wp-json\/wp\/v2\/types\/product"}],"wp:featuredmedia":[{"embeddable":true,"href":"https:\/\/mamafika.pl\/en\/wp-json\/wp\/v2\/media\/6148"}],"wp:attachment":[{"href":"https:\/\/mamafika.pl\/en\/wp-json\/wp\/v2\/media?parent=6146"}],"wp:term":[{"taxonomy":"product_brand","embeddable":true,"href":"https:\/\/mamafika.pl\/en\/wp-json\/wp\/v2\/product_brand?post=6146"},{"taxonomy":"product_cat","embeddable":true,"href":"https:\/\/mamafika.pl\/en\/wp-json\/wp\/v2\/product_cat?post=6146"},{"taxonomy":"product_tag","embeddable":true,"href":"https:\/\/mamafika.pl\/en\/wp-json\/wp\/v2\/product_tag?post=6146"}],"curies":[{"name":"wp","href":"https:\/\/api.w.org\/{rel}","templated":true}]}}