{"id":6357,"date":"2023-11-30T15:11:46","date_gmt":"2023-11-30T13:11:46","guid":{"rendered":"https:\/\/mamafika.pl\/?post_type=product&#038;p=6357"},"modified":"2025-07-23T13:39:55","modified_gmt":"2025-07-23T11:39:55","slug":"saszeta-blur-2","status":"publish","type":"product","link":"https:\/\/mamafika.pl\/en\/sklep\/saszety\/blur\/saszeta-blur-2\/","title":{"rendered":"(Kopia)"},"content":{"rendered":"","protected":false},"excerpt":{"rendered":"<p>(Polski) Saszeta Blur na du\u017ce pullery.<\/p>\n<p>Wykonana z nie przemakalnej tkaniny kodura. W \u015brodku wyko\u0144czona czarn\u0105 tkanin\u0105 oxford i dodatkowo zabezpieczona w \u015brodku wodoodpornym wigofilem. Mocowana za pomoc\u0105 trzech nap do paska o szeroko\u015bci 5cm. Z przodu kieszonka na zamek. Pullery zabezpieczone nap\u0105 dzi\u0119ki czemu nie wypadn\u0105<\/p>\n<p>Uk\u0142ad wzoru na ka\u017cdym egzemplarzu jest inny, przez co otrzymana saszeta mo\u017ce r\u00f3\u017cni\u0107 si\u0119 od prezentowanej na zdj\u0119ciach. R\u00f3wnie\u017c koloryna zdj\u0119ciu mog\u0105 r\u00f3\u017cni\u0107 si\u0119 od rzeczywistych. Zale\u017cy to od preferencji monitora.<\/p>\n<p>Saszeta sprzedawana bez puller\u00f3w oraz bez pasa.<\/p>\n<p>Wymiary: 30\/20\/10<\/p>\n","protected":false},"featured_media":6881,"template":"","meta":[],"product_brand":[],"product_cat":[405,395],"product_tag":[],"class_list":{"0":"post-6357","1":"product","2":"type-product","3":"status-publish","4":"has-post-thumbnail","6":"product_cat-blur","7":"product_cat-saszety","9":"first","10":"outofstock","11":"shipping-taxable","12":"purchasable","13":"product-type-simple"},"jetpack_sharing_enabled":true,"_links":{"self":[{"href":"https:\/\/mamafika.pl\/en\/wp-json\/wp\/v2\/product\/6357"}],"collection":[{"href":"https:\/\/mamafika.pl\/en\/wp-json\/wp\/v2\/product"}],"about":[{"href":"https:\/\/mamafika.pl\/en\/wp-json\/wp\/v2\/types\/product"}],"wp:featuredmedia":[{"embeddable":true,"href":"https:\/\/mamafika.pl\/en\/wp-json\/wp\/v2\/media\/6881"}],"wp:attachment":[{"href":"https:\/\/mamafika.pl\/en\/wp-json\/wp\/v2\/media?parent=6357"}],"wp:term":[{"taxonomy":"product_brand","embeddable":true,"href":"https:\/\/mamafika.pl\/en\/wp-json\/wp\/v2\/product_brand?post=6357"},{"taxonomy":"product_cat","embeddable":true,"href":"https:\/\/mamafika.pl\/en\/wp-json\/wp\/v2\/product_cat?post=6357"},{"taxonomy":"product_tag","embeddable":true,"href":"https:\/\/mamafika.pl\/en\/wp-json\/wp\/v2\/product_tag?post=6357"}],"curies":[{"name":"wp","href":"https:\/\/api.w.org\/{rel}","templated":true}]}}