{"id":6522,"date":"2024-01-15T23:30:07","date_gmt":"2024-01-15T21:30:07","guid":{"rendered":"https:\/\/mamafika.pl\/?post_type=product&#038;p=6522"},"modified":"2024-01-17T16:22:07","modified_gmt":"2024-01-17T14:22:07","slug":"bluza-delikatny-roz","status":"publish","type":"product","link":"https:\/\/mamafika.pl\/en\/sklep\/bluzy\/damskie\/bluza-delikatny-roz\/","title":{"rendered":"(Kopia)"},"content":{"rendered":"","protected":false},"excerpt":{"rendered":"<p>(Polski) Bluza w kolorze pi\u0119knego, delikatnego r\u00f3\u017cu . Kaptur bluzy oraz d\u00f3\u0142, od \u015brodka wyko\u0144czone bawe\u0142nian\u0105 dres\u00f3wk\u0105 p\u0119telkow\u0105 . Bluza wykonana z dres\u00f3wki drapanej, kt\u00f3rej sk\u0142ad to bawe\u0142na. Cieplutka i bardzo przyjemna w dotyku.<\/p>\n<p>Z przodu kiesze\u0144 du\u017ca kiesze\u0144. Po bokach rozporki, kt\u00f3re pozwalaj\u0105 na swobodne poruszanie si\u0119 gdy\u017c bluza jest d\u0142uga do oko\u0142o po\u0142owy uda. Ko\u0144c\u00f3wki sznurk\u00f3w pr kapturze wyko\u0144czone fantazyjnym w\u0119z\u0142em.<\/p>\n<p>Wymiary bluzy:<\/p>\n<p>rozmiar L<\/p>\n<p>d\u0142ugo\u015b\u0107 90cm<\/p>\n<p>szeroko\u015b\u0107 70cm<\/p>\n<p>d\u0142ugo\u015b\u0107 r\u0119kawa 75<\/p>\n<p>Wszystkie wymiaty +-1cm<\/p>\n<p>Dane techniczne dres\u00f3wki:<\/p>\n<p>bawe\u0142na 92%<\/p>\n<p>elastan 8%<\/p>\n<p>&nbsp;<\/p>\n<p>&nbsp;<\/p>\n","protected":false},"featured_media":6519,"template":"","meta":[],"product_brand":[],"product_cat":[399,401],"product_tag":[],"class_list":{"0":"post-6522","1":"product","2":"type-product","3":"status-publish","4":"has-post-thumbnail","6":"product_cat-bluzy","7":"product_cat-damskie","8":"product_shipping_class-polsza","10":"first","11":"instock","12":"shipping-taxable","13":"purchasable","14":"product-type-simple"},"jetpack_sharing_enabled":true,"_links":{"self":[{"href":"https:\/\/mamafika.pl\/en\/wp-json\/wp\/v2\/product\/6522"}],"collection":[{"href":"https:\/\/mamafika.pl\/en\/wp-json\/wp\/v2\/product"}],"about":[{"href":"https:\/\/mamafika.pl\/en\/wp-json\/wp\/v2\/types\/product"}],"wp:featuredmedia":[{"embeddable":true,"href":"https:\/\/mamafika.pl\/en\/wp-json\/wp\/v2\/media\/6519"}],"wp:attachment":[{"href":"https:\/\/mamafika.pl\/en\/wp-json\/wp\/v2\/media?parent=6522"}],"wp:term":[{"taxonomy":"product_brand","embeddable":true,"href":"https:\/\/mamafika.pl\/en\/wp-json\/wp\/v2\/product_brand?post=6522"},{"taxonomy":"product_cat","embeddable":true,"href":"https:\/\/mamafika.pl\/en\/wp-json\/wp\/v2\/product_cat?post=6522"},{"taxonomy":"product_tag","embeddable":true,"href":"https:\/\/mamafika.pl\/en\/wp-json\/wp\/v2\/product_tag?post=6522"}],"curies":[{"name":"wp","href":"https:\/\/api.w.org\/{rel}","templated":true}]}}