{"id":6575,"date":"2024-01-24T18:52:00","date_gmt":"2024-01-24T16:52:00","guid":{"rendered":"https:\/\/mamafika.pl\/?post_type=product&#038;p=6575"},"modified":"2024-01-24T18:54:49","modified_gmt":"2024-01-24T16:54:49","slug":"bluza-szary-las","status":"publish","type":"product","link":"https:\/\/mamafika.pl\/en\/sklep\/bluzy\/damskie\/bluza-szary-las\/","title":{"rendered":"(Kopia) (Kopia) (Kopia)"},"content":{"rendered":"","protected":false},"excerpt":{"rendered":"<p>(Polski) Bluza w kolorze nie\u015bmiertelnej szaro\u015bci. Kaptur bluzy oraz kiesze\u0144 bluzy uszyte z nieprzemakalnej tkaniny oxford. Bluza wykonana z dres\u00f3wki drapanej, kt\u00f3rej sk\u0142ad to bawe\u0142na. Cieplutka i bardzo przyjemna w dotyku.<\/p>\n<p>Z przodu kiesze\u0144 du\u017ca kiesze\u0144. R\u0119kawy i d\u00f3\u0142 bluzy wyko\u0144czone dopasowanym kolorystycznie \u015bci\u0105gaczem.<\/p>\n<p>Wymiary bluzy:<\/p>\n<p>rozmiar S<\/p>\n<p>d\u0142ugo\u015b\u0107 75cm<\/p>\n<p>szeroko\u015b\u0107 54cm<\/p>\n<p>d\u0142ugo\u015b\u0107 r\u0119kawa mierzona od szyi 75cm<\/p>\n<p>Wszystkie wymiaty +-1cm<\/p>\n<p>Dane techniczne dres\u00f3wki:<\/p>\n<p>bawe\u0142na 92%<\/p>\n<p>elastan 8%<\/p>\n<p>&nbsp;<\/p>\n<p>&nbsp;<\/p>\n","protected":false},"featured_media":6564,"template":"","meta":[],"product_brand":[],"product_cat":[399,401],"product_tag":[],"class_list":{"0":"post-6575","1":"product","2":"type-product","3":"status-publish","4":"has-post-thumbnail","6":"product_cat-bluzy","7":"product_cat-damskie","8":"product_shipping_class-polsza","10":"first","11":"instock","12":"shipping-taxable","13":"purchasable","14":"product-type-simple"},"jetpack_sharing_enabled":true,"_links":{"self":[{"href":"https:\/\/mamafika.pl\/en\/wp-json\/wp\/v2\/product\/6575"}],"collection":[{"href":"https:\/\/mamafika.pl\/en\/wp-json\/wp\/v2\/product"}],"about":[{"href":"https:\/\/mamafika.pl\/en\/wp-json\/wp\/v2\/types\/product"}],"wp:featuredmedia":[{"embeddable":true,"href":"https:\/\/mamafika.pl\/en\/wp-json\/wp\/v2\/media\/6564"}],"wp:attachment":[{"href":"https:\/\/mamafika.pl\/en\/wp-json\/wp\/v2\/media?parent=6575"}],"wp:term":[{"taxonomy":"product_brand","embeddable":true,"href":"https:\/\/mamafika.pl\/en\/wp-json\/wp\/v2\/product_brand?post=6575"},{"taxonomy":"product_cat","embeddable":true,"href":"https:\/\/mamafika.pl\/en\/wp-json\/wp\/v2\/product_cat?post=6575"},{"taxonomy":"product_tag","embeddable":true,"href":"https:\/\/mamafika.pl\/en\/wp-json\/wp\/v2\/product_tag?post=6575"}],"curies":[{"name":"wp","href":"https:\/\/api.w.org\/{rel}","templated":true}]}}