{"id":6576,"date":"2024-01-25T20:16:07","date_gmt":"2024-01-25T18:16:07","guid":{"rendered":"https:\/\/mamafika.pl\/?post_type=product&#038;p=6576"},"modified":"2024-01-25T20:16:07","modified_gmt":"2024-01-25T18:16:07","slug":"karmelowy-pudel","status":"publish","type":"product","link":"https:\/\/mamafika.pl\/en\/sklep\/bluzy\/damskie\/karmelowy-pudel\/","title":{"rendered":"(Polski) Karmelowy pudel"},"content":{"rendered":"","protected":false},"excerpt":{"rendered":"<p>(Polski) Bluza w pi\u0119knym karmelowym kolorze z pudlowymi r\u0119kawami. G\u0142\u00f3wna cz\u0119\u015b\u0107 bluzy wykonana z dres\u00f3wki drapanej 100% bawe\u0142ny. R\u0119kawy i wierzchnia cz\u0119\u015b\u0107 kaptura to \u015bmieszna, pudlowa tkanina 100\u20ac poliester.<\/p>\n<p>Rozmiar S<\/p>\n<p>&nbsp;<\/p>\n","protected":false},"featured_media":6562,"template":"","meta":[],"product_brand":[],"product_cat":[399,401],"product_tag":[],"class_list":{"0":"post-6576","1":"product","2":"type-product","3":"status-publish","4":"has-post-thumbnail","6":"product_cat-bluzy","7":"product_cat-damskie","9":"first","10":"instock","11":"shipping-taxable","12":"purchasable","13":"product-type-simple"},"jetpack_sharing_enabled":true,"_links":{"self":[{"href":"https:\/\/mamafika.pl\/en\/wp-json\/wp\/v2\/product\/6576"}],"collection":[{"href":"https:\/\/mamafika.pl\/en\/wp-json\/wp\/v2\/product"}],"about":[{"href":"https:\/\/mamafika.pl\/en\/wp-json\/wp\/v2\/types\/product"}],"wp:featuredmedia":[{"embeddable":true,"href":"https:\/\/mamafika.pl\/en\/wp-json\/wp\/v2\/media\/6562"}],"wp:attachment":[{"href":"https:\/\/mamafika.pl\/en\/wp-json\/wp\/v2\/media?parent=6576"}],"wp:term":[{"taxonomy":"product_brand","embeddable":true,"href":"https:\/\/mamafika.pl\/en\/wp-json\/wp\/v2\/product_brand?post=6576"},{"taxonomy":"product_cat","embeddable":true,"href":"https:\/\/mamafika.pl\/en\/wp-json\/wp\/v2\/product_cat?post=6576"},{"taxonomy":"product_tag","embeddable":true,"href":"https:\/\/mamafika.pl\/en\/wp-json\/wp\/v2\/product_tag?post=6576"}],"curies":[{"name":"wp","href":"https:\/\/api.w.org\/{rel}","templated":true}]}}