{"id":6624,"date":"2024-02-07T12:47:54","date_gmt":"2024-02-07T10:47:54","guid":{"rendered":"https:\/\/mamafika.pl\/?post_type=product&#038;p=6624"},"modified":"2024-02-07T13:26:13","modified_gmt":"2024-02-07T11:26:13","slug":"grafitowa-bluza-dark-leaves","status":"publish","type":"product","link":"https:\/\/mamafika.pl\/en\/sklep\/bluzy\/damskie\/grafitowa-bluza-dark-leaves\/","title":{"rendered":"(Kopia) (Kopia) (Kopia)"},"content":{"rendered":"","protected":false},"excerpt":{"rendered":"<p>(Polski) Bluza w kolorze ciemnego grafitu Kaptur bluzy oraz kieszenie, wykonane z pikowanego ortalionu. Bluza wykonana z dres\u00f3wki drapanej, kt\u00f3rej sk\u0142ad to bawe\u0142na. Cieplutka i bardzo przyjemna w dotyku. R\u0119kawy i d\u00f3\u0142 bluzy wyko\u0144czone czarnym, pr\u0105\u017ckowanym \u015bci\u0105gaczem.<\/p>\n<p>Wymiary bluzy:<\/p>\n<p>rozmiar L<\/p>\n<p>d\u0142ugo\u015b\u0107 90cm<\/p>\n<p>szeroko\u015b\u0107 70cm<\/p>\n<p>d\u0142ugo\u015b\u0107 r\u0119kawa 75<\/p>\n<p>Wszystkie wymiaty +-1cm<\/p>\n<p>Dane techniczne dres\u00f3wki:<\/p>\n<p>bawe\u0142na 92%<\/p>\n<p>elastan 8%<\/p>\n<p>&nbsp;<\/p>\n<p>&nbsp;<\/p>\n","protected":false},"featured_media":6622,"template":"","meta":[],"product_brand":[],"product_cat":[399,401],"product_tag":[],"class_list":{"0":"post-6624","1":"product","2":"type-product","3":"status-publish","4":"has-post-thumbnail","6":"product_cat-bluzy","7":"product_cat-damskie","8":"product_shipping_class-polsza","10":"first","11":"instock","12":"shipping-taxable","13":"purchasable","14":"product-type-simple"},"jetpack_sharing_enabled":true,"_links":{"self":[{"href":"https:\/\/mamafika.pl\/en\/wp-json\/wp\/v2\/product\/6624"}],"collection":[{"href":"https:\/\/mamafika.pl\/en\/wp-json\/wp\/v2\/product"}],"about":[{"href":"https:\/\/mamafika.pl\/en\/wp-json\/wp\/v2\/types\/product"}],"wp:featuredmedia":[{"embeddable":true,"href":"https:\/\/mamafika.pl\/en\/wp-json\/wp\/v2\/media\/6622"}],"wp:attachment":[{"href":"https:\/\/mamafika.pl\/en\/wp-json\/wp\/v2\/media?parent=6624"}],"wp:term":[{"taxonomy":"product_brand","embeddable":true,"href":"https:\/\/mamafika.pl\/en\/wp-json\/wp\/v2\/product_brand?post=6624"},{"taxonomy":"product_cat","embeddable":true,"href":"https:\/\/mamafika.pl\/en\/wp-json\/wp\/v2\/product_cat?post=6624"},{"taxonomy":"product_tag","embeddable":true,"href":"https:\/\/mamafika.pl\/en\/wp-json\/wp\/v2\/product_tag?post=6624"}],"curies":[{"name":"wp","href":"https:\/\/api.w.org\/{rel}","templated":true}]}}