{"id":6678,"date":"2024-02-13T11:49:28","date_gmt":"2024-02-13T09:49:28","guid":{"rendered":"https:\/\/mamafika.pl\/?post_type=product&#038;p=6678"},"modified":"2024-02-17T10:06:32","modified_gmt":"2024-02-17T08:06:32","slug":"szara-bluza-z-listkami","status":"publish","type":"product","link":"https:\/\/mamafika.pl\/en\/sklep\/bluzy\/damskie\/szara-bluza-z-listkami\/","title":{"rendered":"(Kopia) (Kopia) (Kopia) (Kopia) (Kopia) (Kopia)"},"content":{"rendered":"","protected":false},"excerpt":{"rendered":"<p>(Polski) Szara, stonowana bluza z r\u0119kawami w listki. Ca\u0142o\u015b\u0107 stonowana i delikatna. Bluza wykonana z dres\u00f3wki drapanej, kt\u00f3rej sk\u0142ad to bawe\u0142na. Cieplutka i bardzo przyjemna w dotyku. R\u0119kawy i podkr\u00f3j szyi wyko\u0144czone dopasowanym, g\u0142adkim \u015bci\u0105gaczem. Przy szyi wszyty kawa\u0142ek tkaniny z kt\u00f3rej wykonane s\u0105 r\u0119kawy.<\/p>\n<p>Wszystkie bluzy mojego autorstwa, kt\u00f3re znjadziesz s\u0105 wyj\u0105tkowe. Bardzo sporadycznie wykonuj\u0119 dwa takie same egzemplarze. Je\u015bli tak si\u0119 stanie to na wyra\u017ane \u017cyczenie klienta. A i wtedy jest to do\u015b\u0107 trudne. Cz\u0119sto wykorzystuj\u0119 resztki tkanin, stare tkaniny czy ubrania z recyklingu \u017ceby moje rzeczy by\u0142y wyj\u0105tkowe. Wi\u0119c szansa, \u017ce spotkasz kogo\u015b w identycznej bluzie jest niemal\u017ce r\u00f3wna zeru.<\/p>\n<p>Rozmiar to oversize. Na ka\u017cdej sylwetce od rozmiaru S do L b\u0119dzie wygl\u0105da\u0142a dobrze.<\/p>\n<p>Wymiary bluzy:<\/p>\n<p>D\u0142ugo\u015b\u0107 72 cm<\/p>\n<p>D\u0142ugo\u015b\u0107 r\u0119kawa 57cm<\/p>\n<p>Szeroko\u015b\u0107 pod pachami 65cm<\/p>\n<p>Dane techniczne dres\u00f3wki:<\/p>\n<p>bawe\u0142na 92%<\/p>\n<p>elastan 8%<\/p>\n<p>Instrukcja u\u017cytkowania<\/p>\n<p><img decoding=\"async\" src=\"https:\/\/lh5.googleusercontent.com\/qJyS06bx3uXO1v7L1l-z1PqAiEtscwCHJjYipXSnyHB92vZ6k4MB3jH6MG724rapnb43AWK0ZhVsWhw6Zt95o8fn5H1-vETkYS6tH4QhR5nP_6JjKBaHebNlsMLnuO4aC8gJWtKL\" \/><\/p>\n<p>&nbsp;<\/p>\n<p>&nbsp;<\/p>\n","protected":false},"featured_media":6676,"template":"","meta":[],"product_brand":[],"product_cat":[399,401],"product_tag":[],"class_list":{"0":"post-6678","1":"product","2":"type-product","3":"status-publish","4":"has-post-thumbnail","6":"product_cat-bluzy","7":"product_cat-damskie","8":"product_shipping_class-polsza","10":"first","11":"instock","12":"shipping-taxable","13":"purchasable","14":"product-type-simple"},"jetpack_sharing_enabled":true,"_links":{"self":[{"href":"https:\/\/mamafika.pl\/en\/wp-json\/wp\/v2\/product\/6678"}],"collection":[{"href":"https:\/\/mamafika.pl\/en\/wp-json\/wp\/v2\/product"}],"about":[{"href":"https:\/\/mamafika.pl\/en\/wp-json\/wp\/v2\/types\/product"}],"wp:featuredmedia":[{"embeddable":true,"href":"https:\/\/mamafika.pl\/en\/wp-json\/wp\/v2\/media\/6676"}],"wp:attachment":[{"href":"https:\/\/mamafika.pl\/en\/wp-json\/wp\/v2\/media?parent=6678"}],"wp:term":[{"taxonomy":"product_brand","embeddable":true,"href":"https:\/\/mamafika.pl\/en\/wp-json\/wp\/v2\/product_brand?post=6678"},{"taxonomy":"product_cat","embeddable":true,"href":"https:\/\/mamafika.pl\/en\/wp-json\/wp\/v2\/product_cat?post=6678"},{"taxonomy":"product_tag","embeddable":true,"href":"https:\/\/mamafika.pl\/en\/wp-json\/wp\/v2\/product_tag?post=6678"}],"curies":[{"name":"wp","href":"https:\/\/api.w.org\/{rel}","templated":true}]}}