{"id":6919,"date":"2024-06-17T08:35:09","date_gmt":"2024-06-17T06:35:09","guid":{"rendered":"https:\/\/mamafika.pl\/?post_type=product&#038;p=6919"},"modified":"2024-09-06T13:50:35","modified_gmt":"2024-09-06T11:50:35","slug":"nerka-jeans-na-kolorowo","status":"publish","type":"product","link":"https:\/\/mamafika.pl\/en\/sklep\/nerki\/nerka-jeans-na-kolorowo\/","title":{"rendered":"(Kopia) (Kopia) (Kopia) (Kopia) (Kopia) (Kopia) (Kopia) (Kopia)"},"content":{"rendered":"","protected":false},"excerpt":{"rendered":"<p>(Polski) Bardzo du\u017ca nerka\/torebka wykonana ze starych jeans\u00f3w. Jej wyj\u0105tkowo\u015b\u0107 polega na tym, i\u017c nie powstanie taka druga. Wykorzysta\u0142am cz\u0119\u015b\u0107 nogawki doszywaj\u0105c obok kieszonk\u0119 zszyt\u0105 z kawa\u0142k\u00f3w i zapinan\u0105 na nap\u0119, kt\u00f3ra kszta\u0142tem przypomina kieszonk\u0119 z jeansowej katany. W \u015brodku wzmocniona wodoodpornym i usztywniaj\u0105cym wigofilem, dzi\u0119ki czemu utrzymuje s\u00f3wj kszta\u0142t. \u015arodek wyko\u0144czony grubym p\u0142\u00f3tnem o naturalnym kolorze. G\u0142owna kiesze\u0144 jest duza i pojemna do kt\u00f3rej wszyte s\u0105 kieszonki, wyprute wcze\u015bniej z jeans\u00f3w. Poza nimi znajdziecie jeszcze jedn\u0105 przegr\u00f3dk\u0119 oddzielaj\u0105c\u0105 od g\u0142\u00f3wnej kieszeni. Dodatkowo z przodu znajduje si\u0119 jeszcze jedna, ca\u0142kiem spora kiesze\u0144, zapinana na zamek. Nerka posiada parciany, trzycentymetrowy pasek, zapinany na srebrn\u0105, ozdobn\u0105 klamr\u0119.<\/p>\n<p>Wymiary nerki: 44\/30\/13<\/p>\n<p>Obw\u00f3d minimalny\/maksymalny 114 cm\/168 cm<\/p>\n<p>Je\u015bli potrzebujesz zmiany w d\u0142ugo\u015bci paska wystarczy, \u017ce napiszesz.<\/p>\n<p>&nbsp;<\/p>\n","protected":false},"featured_media":6841,"template":"","meta":[],"product_brand":[],"product_cat":[396],"product_tag":[],"class_list":{"0":"post-6919","1":"product","2":"type-product","3":"status-publish","4":"has-post-thumbnail","6":"product_cat-nerki","8":"first","9":"instock","10":"shipping-taxable","11":"purchasable","12":"product-type-simple"},"jetpack_sharing_enabled":true,"_links":{"self":[{"href":"https:\/\/mamafika.pl\/en\/wp-json\/wp\/v2\/product\/6919"}],"collection":[{"href":"https:\/\/mamafika.pl\/en\/wp-json\/wp\/v2\/product"}],"about":[{"href":"https:\/\/mamafika.pl\/en\/wp-json\/wp\/v2\/types\/product"}],"wp:featuredmedia":[{"embeddable":true,"href":"https:\/\/mamafika.pl\/en\/wp-json\/wp\/v2\/media\/6841"}],"wp:attachment":[{"href":"https:\/\/mamafika.pl\/en\/wp-json\/wp\/v2\/media?parent=6919"}],"wp:term":[{"taxonomy":"product_brand","embeddable":true,"href":"https:\/\/mamafika.pl\/en\/wp-json\/wp\/v2\/product_brand?post=6919"},{"taxonomy":"product_cat","embeddable":true,"href":"https:\/\/mamafika.pl\/en\/wp-json\/wp\/v2\/product_cat?post=6919"},{"taxonomy":"product_tag","embeddable":true,"href":"https:\/\/mamafika.pl\/en\/wp-json\/wp\/v2\/product_tag?post=6919"}],"curies":[{"name":"wp","href":"https:\/\/api.w.org\/{rel}","templated":true}]}}