{"id":7002,"date":"2024-06-18T21:03:14","date_gmt":"2024-06-18T19:03:14","guid":{"rendered":"https:\/\/mamafika.pl\/?post_type=product&#038;p=7002"},"modified":"2024-09-03T21:05:25","modified_gmt":"2024-09-03T19:05:25","slug":"nerka-niebieskie-i-koralowe-sukulenty","status":"publish","type":"product","link":"https:\/\/mamafika.pl\/en\/sklep\/nerki\/nerka-niebieskie-i-koralowe-sukulenty\/","title":{"rendered":"(Kopia) (Kopia) (Kopia) (Kopia) (Kopia) (Kopia) (Kopia)"},"content":{"rendered":"","protected":false},"excerpt":{"rendered":"<p>(Polski) Nerka niebieskie i koralowe sukilenty. Wykonana z wodoodpornej tkaniny oxford. W \u015brodku wzmocniona wodoodpornym i usztywniaj\u0105cym wigofilem, dzi\u0119ki czemu utrzymuje s\u00f3wj kszta\u0142t. \u015arodek wyko\u0144czony czarn\u0105 bawe\u0142n\u0105. G\u0142owna kiesze\u0144 jest duza i pojemna. Poza ni\u0105 znajdziecie w \u015brodku wszyte ddwie mniejsze kieszonki. Od wewn\u0119trznej strony nerki znajduje si\u0119 dodatkowa kiesze\u0144, zapinana na zamek. Nerka posiada parciany, trzycentymetrowy pasek, zapinany na srebrn\u0105, ozdobn\u0105 klamr\u0119.<\/p>\n<p>Uk\u0142ad wzoru na ka\u017cdym egzemplarzu jest inny, przez co otrzymana nerka mo\u017ce r\u00f3\u017cni\u0107 si\u0119 od prezentowanej na zdj\u0119ciach. R\u00f3wnie\u017c kolory na zdj\u0119ciu mog\u0105 r\u00f3\u017cni\u0107 si\u0119 od rzeczywistych. Zale\u017cy to od preferencji monitora.<\/p>\n<p>Wymiary nerki: 34\/16\/8<\/p>\n<p>Obw\u00f3d minimalny\/maksymalny 80 cm\/114 cm<\/p>\n<p>Je\u015bli potrzebujesz zmiany w d\u0142ugo\u015bci paska wystarczy, \u017ce napiszesz.<\/p>\n<p>&nbsp;<\/p>\n","protected":false},"featured_media":6998,"template":"","meta":[],"product_brand":[],"product_cat":[396],"product_tag":[],"class_list":{"0":"post-7002","1":"product","2":"type-product","3":"status-publish","4":"has-post-thumbnail","6":"product_cat-nerki","8":"first","9":"outofstock","10":"shipping-taxable","11":"purchasable","12":"product-type-simple"},"jetpack_sharing_enabled":true,"_links":{"self":[{"href":"https:\/\/mamafika.pl\/en\/wp-json\/wp\/v2\/product\/7002"}],"collection":[{"href":"https:\/\/mamafika.pl\/en\/wp-json\/wp\/v2\/product"}],"about":[{"href":"https:\/\/mamafika.pl\/en\/wp-json\/wp\/v2\/types\/product"}],"wp:featuredmedia":[{"embeddable":true,"href":"https:\/\/mamafika.pl\/en\/wp-json\/wp\/v2\/media\/6998"}],"wp:attachment":[{"href":"https:\/\/mamafika.pl\/en\/wp-json\/wp\/v2\/media?parent=7002"}],"wp:term":[{"taxonomy":"product_brand","embeddable":true,"href":"https:\/\/mamafika.pl\/en\/wp-json\/wp\/v2\/product_brand?post=7002"},{"taxonomy":"product_cat","embeddable":true,"href":"https:\/\/mamafika.pl\/en\/wp-json\/wp\/v2\/product_cat?post=7002"},{"taxonomy":"product_tag","embeddable":true,"href":"https:\/\/mamafika.pl\/en\/wp-json\/wp\/v2\/product_tag?post=7002"}],"curies":[{"name":"wp","href":"https:\/\/api.w.org\/{rel}","templated":true}]}}