{"id":7100,"date":"2024-11-09T19:58:02","date_gmt":"2024-11-09T17:58:02","guid":{"rendered":"https:\/\/mamafika.pl\/?post_type=product&#038;p=7100"},"modified":"2024-11-09T20:00:03","modified_gmt":"2024-11-09T18:00:03","slug":"portfelik-orchidea","status":"publish","type":"product","link":"https:\/\/mamafika.pl\/en\/sklep\/akces\/portfelik-orchidea\/","title":{"rendered":"(Kopia) (Kopia) (Kopia) (Kopia) (Kopia) (Kopia) (Kopia) (Kopia) (Kopia) (Kopia) (Kopia) (Kopia) (Kopia)"},"content":{"rendered":"","protected":false},"excerpt":{"rendered":"<p>(Polski) Ma\u0142y portfelik zapinany na zamek. Pomie\u015bci kikla kart i got\u00f3wk\u0119. Mo\u017cesz uporz\u0105dkowa\u0107 swoj\u0105 torebk\u0119 i schowa\u0107 w nim wiele drobiazg\u00f3w. Gumki do w\u0142os\u00f3w, wizyt\u00f3wki, pomadk\u0119 i penset\u0119, \u015bciereczki do okular\u00f3w &#8230;<\/p>\n<p>Zewn\u0119trzna tkanina to wodoodporny oxford. Wewn\u0119trzna warstwa to wodoodporny wigofil. W \u015brodku odrzyty czarn\u0105 bawe\u0142n\u0105.<\/p>\n<p>Wymiary 12\/8cm<\/p>\n<p>Uk\u0142ad wzoru na ka\u017cdym egzemplarzu jest inny, przez co otrzymana nerka mo\u017ce r\u00f3\u017cni\u0107 si\u0119 od prezentowanej na zdj\u0119ciach. R\u00f3wnie\u017c kolory na zdj\u0119ciu mog\u0105 r\u00f3\u017cni\u0107 si\u0119 od rzeczywistych. Zale\u017cy to od preferencji monitora.<\/p>\n","protected":false},"featured_media":7090,"template":"","meta":[],"product_brand":[],"product_cat":[412],"product_tag":[],"class_list":{"0":"post-7100","1":"product","2":"type-product","3":"status-publish","4":"has-post-thumbnail","6":"product_cat-akces","8":"first","9":"instock","10":"shipping-taxable","11":"purchasable","12":"product-type-simple"},"jetpack_sharing_enabled":true,"_links":{"self":[{"href":"https:\/\/mamafika.pl\/en\/wp-json\/wp\/v2\/product\/7100"}],"collection":[{"href":"https:\/\/mamafika.pl\/en\/wp-json\/wp\/v2\/product"}],"about":[{"href":"https:\/\/mamafika.pl\/en\/wp-json\/wp\/v2\/types\/product"}],"wp:featuredmedia":[{"embeddable":true,"href":"https:\/\/mamafika.pl\/en\/wp-json\/wp\/v2\/media\/7090"}],"wp:attachment":[{"href":"https:\/\/mamafika.pl\/en\/wp-json\/wp\/v2\/media?parent=7100"}],"wp:term":[{"taxonomy":"product_brand","embeddable":true,"href":"https:\/\/mamafika.pl\/en\/wp-json\/wp\/v2\/product_brand?post=7100"},{"taxonomy":"product_cat","embeddable":true,"href":"https:\/\/mamafika.pl\/en\/wp-json\/wp\/v2\/product_cat?post=7100"},{"taxonomy":"product_tag","embeddable":true,"href":"https:\/\/mamafika.pl\/en\/wp-json\/wp\/v2\/product_tag?post=7100"}],"curies":[{"name":"wp","href":"https:\/\/api.w.org\/{rel}","templated":true}]}}