{"id":7216,"date":"2024-11-15T15:36:09","date_gmt":"2024-11-15T13:36:09","guid":{"rendered":"https:\/\/mamafika.pl\/?post_type=product&#038;p=7216"},"modified":"2025-07-23T13:33:36","modified_gmt":"2025-07-23T11:33:36","slug":"saszeta-rysiek-nie-dotykaj","status":"publish","type":"product","link":"https:\/\/mamafika.pl\/en\/sklep\/saszety\/rys\/saszeta-rysiek-nie-dotykaj\/","title":{"rendered":"(Kopia) (Kopia) (Kopia) (Kopia) (Kopia) (Kopia) (Kopia) (Kopia) (Kopia) (Kopia) (Kopia)"},"content":{"rendered":"","protected":false},"excerpt":{"rendered":"<p>(Polski) Saszeta NIE DOTYKAJ . Wykonana z podw\u00f3jnej wodoodpornej tkaniny oxford. W \u015brodku wzmocniona wodoodpornym i usztywniaj\u0105cym wigofilem, dzi\u0119ki czemu utrzymuje s\u00f3wj kszta\u0142t. \u0141atwa w monta\u017cu do paska. Dodatkowo wszyta kieszonka na telefon, klucze lub inne drobiazgi oraz p\u00f3\u0142oczko i karabi\u0144czyk do kt\u00f3rych przypniesz dwoln\u0105 rzecz.<\/p>\n<p>Zapraszam do skompletowania z ma\u0142\u0105 saszet\u0105 Ben.<\/p>\n<p>Saszeta sprzedawana bez paska. Zdj\u0119cia kompletu saszet pe\u0142ni\u0105 rol\u0119 promocyjn\u0105.<\/p>\n<p>Uk\u0142ad wzoru na ka\u017cdym egzemplarzu jest inny, przez co otrzymana saszeta mo\u017ce r\u00f3\u017cni\u0107 si\u0119 od prezentowanej na zdj\u0119ciach. R\u00f3wnie\u017c koloryna zdj\u0119ciu mog\u0105 r\u00f3\u017cni\u0107 si\u0119 od rzeczywistych. Zale\u017cy to od preferencji monitora.<\/p>\n<p>Rozmiary: 22\/7\/14<\/p>\n","protected":false},"featured_media":7194,"template":"","meta":[],"product_brand":[],"product_cat":[403,395],"product_tag":[],"class_list":{"0":"post-7216","1":"product","2":"type-product","3":"status-publish","4":"has-post-thumbnail","6":"product_cat-rys","7":"product_cat-saszety","9":"first","10":"outofstock","11":"shipping-taxable","12":"purchasable","13":"product-type-simple"},"jetpack_sharing_enabled":true,"_links":{"self":[{"href":"https:\/\/mamafika.pl\/en\/wp-json\/wp\/v2\/product\/7216"}],"collection":[{"href":"https:\/\/mamafika.pl\/en\/wp-json\/wp\/v2\/product"}],"about":[{"href":"https:\/\/mamafika.pl\/en\/wp-json\/wp\/v2\/types\/product"}],"wp:featuredmedia":[{"embeddable":true,"href":"https:\/\/mamafika.pl\/en\/wp-json\/wp\/v2\/media\/7194"}],"wp:attachment":[{"href":"https:\/\/mamafika.pl\/en\/wp-json\/wp\/v2\/media?parent=7216"}],"wp:term":[{"taxonomy":"product_brand","embeddable":true,"href":"https:\/\/mamafika.pl\/en\/wp-json\/wp\/v2\/product_brand?post=7216"},{"taxonomy":"product_cat","embeddable":true,"href":"https:\/\/mamafika.pl\/en\/wp-json\/wp\/v2\/product_cat?post=7216"},{"taxonomy":"product_tag","embeddable":true,"href":"https:\/\/mamafika.pl\/en\/wp-json\/wp\/v2\/product_tag?post=7216"}],"curies":[{"name":"wp","href":"https:\/\/api.w.org\/{rel}","templated":true}]}}