{"id":7323,"date":"2024-11-28T22:38:16","date_gmt":"2024-11-28T20:38:16","guid":{"rendered":"https:\/\/mamafika.pl\/?post_type=product&#038;p=7323"},"modified":"2024-12-27T23:35:30","modified_gmt":"2024-12-27T21:35:30","slug":"saszetka-ben-psy-corleone","status":"publish","type":"product","link":"https:\/\/mamafika.pl\/en\/sklep\/saszety\/ben\/saszetka-ben-psy-corleone\/","title":{"rendered":"(Kopia) (Kopia) (Kopia) (Kopia) (Kopia) (Kopia) (Kopia) (Kopia) (Kopia) (Kopia) (Kopia) (Kopia) (Kopia) (Kopia) (Kopia) (Kopia) (Kopia) (Kopia) (Kopia) (Kopia) (Kopia) (Kopia)"},"content":{"rendered":"","protected":false},"excerpt":{"rendered":"<p>(Polski) Saszetka wykonana z podw\u00f3jnej wodoodpornej tkaniny oxford. W \u015brodku wzmocniona wodoodpornym i usztywniaj\u0105cym wigofilem, dzi\u0119ki czemu utrzymuje s\u00f3wj kszta\u0142t. \u0141atwa w monta\u017cu do paska.<\/p>\n<p>Zapraszam do skompletowania z\u00a0 saszet\u0105 Rysiek.<\/p>\n<p>Saszeta sprzedawana bez paska. Zdj\u0119cia kompletu saszet pe\u0142ni\u0105 rol\u0119 promocyjn\u0105.<\/p>\n<p>Uk\u0142ad wzoru na ka\u017cdym egzemplarzu jest inny, przez co otrzymana saszeta mo\u017ce r\u00f3\u017cni\u0107 si\u0119 od prezentowanej na zdj\u0119ciach. R\u00f3wnie\u017c koloryna zdj\u0119ciu mog\u0105 r\u00f3\u017cni\u0107 si\u0119 od rzeczywistych. Zale\u017cy to od preferencji monitora.<\/p>\n<p>Rozmiary: 13\/12\/8<\/p>\n","protected":false},"featured_media":7257,"template":"","meta":[],"product_brand":[],"product_cat":[413,395],"product_tag":[],"class_list":{"0":"post-7323","1":"product","2":"type-product","3":"status-publish","4":"has-post-thumbnail","6":"product_cat-ben","7":"product_cat-saszety","9":"first","10":"outofstock","11":"shipping-taxable","12":"purchasable","13":"product-type-simple"},"jetpack_sharing_enabled":true,"_links":{"self":[{"href":"https:\/\/mamafika.pl\/en\/wp-json\/wp\/v2\/product\/7323"}],"collection":[{"href":"https:\/\/mamafika.pl\/en\/wp-json\/wp\/v2\/product"}],"about":[{"href":"https:\/\/mamafika.pl\/en\/wp-json\/wp\/v2\/types\/product"}],"wp:featuredmedia":[{"embeddable":true,"href":"https:\/\/mamafika.pl\/en\/wp-json\/wp\/v2\/media\/7257"}],"wp:attachment":[{"href":"https:\/\/mamafika.pl\/en\/wp-json\/wp\/v2\/media?parent=7323"}],"wp:term":[{"taxonomy":"product_brand","embeddable":true,"href":"https:\/\/mamafika.pl\/en\/wp-json\/wp\/v2\/product_brand?post=7323"},{"taxonomy":"product_cat","embeddable":true,"href":"https:\/\/mamafika.pl\/en\/wp-json\/wp\/v2\/product_cat?post=7323"},{"taxonomy":"product_tag","embeddable":true,"href":"https:\/\/mamafika.pl\/en\/wp-json\/wp\/v2\/product_tag?post=7323"}],"curies":[{"name":"wp","href":"https:\/\/api.w.org\/{rel}","templated":true}]}}