{"id":7334,"date":"2024-11-30T17:31:02","date_gmt":"2024-11-30T15:31:02","guid":{"rendered":"https:\/\/mamafika.pl\/?post_type=product&#038;p=7334"},"modified":"2025-08-09T22:11:03","modified_gmt":"2025-08-09T20:11:03","slug":"kamizelka-do-treningu-z-psem-monstery-noca","status":"publish","type":"product","link":"https:\/\/mamafika.pl\/en\/sklep\/kam\/kamizelka-do-treningu-z-psem-monstery-noca\/","title":{"rendered":"(Kopia)"},"content":{"rendered":"<p class=\"qtranxs-available-languages-message qtranxs-available-languages-message-en\">Sorry, this entry is only available in <a href=\"https:\/\/mamafika.pl\/pl\/wp-json\/wp\/v2\/product\/7334\" class=\"qtranxs-available-language-link qtranxs-available-language-link-pl\" title=\"Polski\">Polski<\/a>.<\/p>\n","protected":false},"excerpt":{"rendered":"<p>(Polski) Kamizelka idealna na treningi z twoim pupilem.<\/p>\n<p style=\"font-weight: 400\"><strong style=\"font-weight: 900\">Tkanina wodoodporna Oxford.<\/strong><\/p>\n<p style=\"font-weight: 400\">Tkanina charakteryzuje si\u0119 wysok\u0105 wytrzyma\u0142o\u015bci\u0105 i odporno\u015bci\u0105 na przetarcia, rozci\u0105ganie i rozrywanie. Materia\u0142 posiada w\u0142a\u015bciwo\u015bci wodoodporne. Nie zawieraj\u0105 szkodliwych pierwiastk\u00f3w i metali ci\u0119\u017ckich.<\/p>\n<p>Dwie kieszenie z przodu, jedna kiesze\u0144 na piersi zapinana za zamek, z ty\u0142u kiesze\u0144 typu kangurka . Wielko\u015b\u0107 kieszeni regulowana na zamek.<\/p>\n<p><b>Rozmiar: M<\/b><\/p>\n<table>\n<tbody>\n<tr>\n<td width=\"151\">Rozmiar<\/td>\n<td width=\"151\">Obw\u00f3d klatki piersiowej<\/td>\n<td width=\"151\">Obw\u00f3d bioder<\/td>\n<td width=\"151\">D\u0142ugo\u015b\u0107<\/td>\n<\/tr>\n<tr>\n<td width=\"151\">S<\/td>\n<td width=\"151\">100 cm<\/td>\n<td width=\"151\">120 cm<\/td>\n<td width=\"151\">65 cm<\/td>\n<\/tr>\n<tr>\n<td width=\"151\">M<\/td>\n<td width=\"151\">120 cm<\/td>\n<td width=\"151\">130 cm<\/td>\n<td width=\"151\">70 cm<\/td>\n<\/tr>\n<tr>\n<td width=\"151\">L<\/td>\n<td width=\"151\">130 cm<\/td>\n<td width=\"151\">148 cm<\/td>\n<td width=\"151\">70 cm<\/td>\n<\/tr>\n<\/tbody>\n<\/table>\n<p>&nbsp;<\/p>\n<p class=\"p2\"><span class=\"s1\"><strong>Dane techniczne:<\/strong><\/span><\/p>\n<p class=\"p2\"><span class=\"s1\"><strong>Sk\u0142ad:<\/strong>\u00a0Poliester 100%<\/span><\/p>\n<p class=\"p2\"><span class=\"s1\"><strong>Szeroko\u015b\u0107:<\/strong>\u00a0155 cm (+\/- 5%)<\/span><\/p>\n<p class=\"p2\"><span class=\"s1\"><strong>Gramatura:<\/strong>\u00a0 190 g\/m2 (+\/- 5%<\/span><\/p>\n","protected":false},"featured_media":6746,"template":"","meta":[],"product_brand":[],"product_cat":[330],"product_tag":[],"class_list":{"0":"post-7334","1":"product","2":"type-product","3":"status-publish","4":"has-post-thumbnail","6":"product_cat-kam","8":"first","9":"instock","10":"shipping-taxable","11":"purchasable","12":"product-type-simple"},"jetpack_sharing_enabled":true,"_links":{"self":[{"href":"https:\/\/mamafika.pl\/en\/wp-json\/wp\/v2\/product\/7334"}],"collection":[{"href":"https:\/\/mamafika.pl\/en\/wp-json\/wp\/v2\/product"}],"about":[{"href":"https:\/\/mamafika.pl\/en\/wp-json\/wp\/v2\/types\/product"}],"wp:featuredmedia":[{"embeddable":true,"href":"https:\/\/mamafika.pl\/en\/wp-json\/wp\/v2\/media\/6746"}],"wp:attachment":[{"href":"https:\/\/mamafika.pl\/en\/wp-json\/wp\/v2\/media?parent=7334"}],"wp:term":[{"taxonomy":"product_brand","embeddable":true,"href":"https:\/\/mamafika.pl\/en\/wp-json\/wp\/v2\/product_brand?post=7334"},{"taxonomy":"product_cat","embeddable":true,"href":"https:\/\/mamafika.pl\/en\/wp-json\/wp\/v2\/product_cat?post=7334"},{"taxonomy":"product_tag","embeddable":true,"href":"https:\/\/mamafika.pl\/en\/wp-json\/wp\/v2\/product_tag?post=7334"}],"curies":[{"name":"wp","href":"https:\/\/api.w.org\/{rel}","templated":true}]}}