{"id":7439,"date":"2025-06-24T12:05:11","date_gmt":"2025-06-24T10:05:11","guid":{"rendered":"https:\/\/mamafika.pl\/?post_type=product&#038;p=7439"},"modified":"2025-07-23T15:01:01","modified_gmt":"2025-07-23T13:01:01","slug":"popielata-muslinowa-gumka-do-wlosow","status":"publish","type":"product","link":"https:\/\/mamafika.pl\/en\/sklep\/akces\/popielata-muslinowa-gumka-do-wlosow\/","title":{"rendered":"(Polski) Popielata, mu\u015blinowa gumka do w\u0142os\u00f3w"},"content":{"rendered":"","protected":false},"excerpt":{"rendered":"<p>(Polski) Mu\u015blinowa gumka do w\u0142os\u00f3w. Delikatna, bawe\u0142niana w pi\u0119knym popielatym kolorze.<\/p>\n","protected":false},"featured_media":7431,"template":"","meta":[],"product_brand":[],"product_cat":[412],"product_tag":[],"class_list":{"0":"post-7439","1":"product","2":"type-product","3":"status-publish","4":"has-post-thumbnail","6":"product_cat-akces","8":"first","9":"instock","10":"shipping-taxable","11":"purchasable","12":"product-type-simple"},"jetpack_sharing_enabled":true,"_links":{"self":[{"href":"https:\/\/mamafika.pl\/en\/wp-json\/wp\/v2\/product\/7439"}],"collection":[{"href":"https:\/\/mamafika.pl\/en\/wp-json\/wp\/v2\/product"}],"about":[{"href":"https:\/\/mamafika.pl\/en\/wp-json\/wp\/v2\/types\/product"}],"wp:featuredmedia":[{"embeddable":true,"href":"https:\/\/mamafika.pl\/en\/wp-json\/wp\/v2\/media\/7431"}],"wp:attachment":[{"href":"https:\/\/mamafika.pl\/en\/wp-json\/wp\/v2\/media?parent=7439"}],"wp:term":[{"taxonomy":"product_brand","embeddable":true,"href":"https:\/\/mamafika.pl\/en\/wp-json\/wp\/v2\/product_brand?post=7439"},{"taxonomy":"product_cat","embeddable":true,"href":"https:\/\/mamafika.pl\/en\/wp-json\/wp\/v2\/product_cat?post=7439"},{"taxonomy":"product_tag","embeddable":true,"href":"https:\/\/mamafika.pl\/en\/wp-json\/wp\/v2\/product_tag?post=7439"}],"curies":[{"name":"wp","href":"https:\/\/api.w.org\/{rel}","templated":true}]}}