{"id":7441,"date":"2025-06-24T12:05:27","date_gmt":"2025-06-24T10:05:27","guid":{"rendered":"https:\/\/mamafika.pl\/?post_type=product&#038;p=7441"},"modified":"2025-06-24T12:11:24","modified_gmt":"2025-06-24T10:11:24","slug":"szalwiowa-muslinowa-gumka-do-wlosow","status":"publish","type":"product","link":"https:\/\/mamafika.pl\/en\/sklep\/akces\/szalwiowa-muslinowa-gumka-do-wlosow\/","title":{"rendered":"(Kopia)"},"content":{"rendered":"","protected":false},"excerpt":{"rendered":"<p>(Polski) Mu\u015blinowa gumka do w\u0142os\u00f3w. Delikatna, bawe\u0142niana w pi\u0119knym sza\u0142wiowo\/popielatym kolorze.<\/p>\n","protected":false},"featured_media":7434,"template":"","meta":[],"product_brand":[],"product_cat":[412],"product_tag":[],"class_list":{"0":"post-7441","1":"product","2":"type-product","3":"status-publish","4":"has-post-thumbnail","6":"product_cat-akces","8":"first","9":"instock","10":"shipping-taxable","11":"purchasable","12":"product-type-simple"},"jetpack_sharing_enabled":true,"_links":{"self":[{"href":"https:\/\/mamafika.pl\/en\/wp-json\/wp\/v2\/product\/7441"}],"collection":[{"href":"https:\/\/mamafika.pl\/en\/wp-json\/wp\/v2\/product"}],"about":[{"href":"https:\/\/mamafika.pl\/en\/wp-json\/wp\/v2\/types\/product"}],"wp:featuredmedia":[{"embeddable":true,"href":"https:\/\/mamafika.pl\/en\/wp-json\/wp\/v2\/media\/7434"}],"wp:attachment":[{"href":"https:\/\/mamafika.pl\/en\/wp-json\/wp\/v2\/media?parent=7441"}],"wp:term":[{"taxonomy":"product_brand","embeddable":true,"href":"https:\/\/mamafika.pl\/en\/wp-json\/wp\/v2\/product_brand?post=7441"},{"taxonomy":"product_cat","embeddable":true,"href":"https:\/\/mamafika.pl\/en\/wp-json\/wp\/v2\/product_cat?post=7441"},{"taxonomy":"product_tag","embeddable":true,"href":"https:\/\/mamafika.pl\/en\/wp-json\/wp\/v2\/product_tag?post=7441"}],"curies":[{"name":"wp","href":"https:\/\/api.w.org\/{rel}","templated":true}]}}