{"id":7443,"date":"2025-06-24T12:08:39","date_gmt":"2025-06-24T10:08:39","guid":{"rendered":"https:\/\/mamafika.pl\/?post_type=product&#038;p=7443"},"modified":"2025-07-23T15:00:36","modified_gmt":"2025-07-23T13:00:36","slug":"sliwkowa-muslinowa-gumka-do-wlosow","status":"publish","type":"product","link":"https:\/\/mamafika.pl\/en\/sklep\/akces\/sliwkowa-muslinowa-gumka-do-wlosow\/","title":{"rendered":"(Kopia) (Kopia) (Kopia)"},"content":{"rendered":"","protected":false},"excerpt":{"rendered":"<p>(Polski) Mu\u015blinowa gumka do w\u0142os\u00f3w. Delikatna, bawe\u0142niana w pi\u0119knym \u015bliwkowym, przyt\u0142umionym kolorze.<\/p>\n","protected":false},"featured_media":7437,"template":"","meta":[],"product_brand":[],"product_cat":[412],"product_tag":[],"class_list":{"0":"post-7443","1":"product","2":"type-product","3":"status-publish","4":"has-post-thumbnail","6":"product_cat-akces","8":"first","9":"instock","10":"shipping-taxable","11":"purchasable","12":"product-type-simple"},"jetpack_sharing_enabled":true,"_links":{"self":[{"href":"https:\/\/mamafika.pl\/en\/wp-json\/wp\/v2\/product\/7443"}],"collection":[{"href":"https:\/\/mamafika.pl\/en\/wp-json\/wp\/v2\/product"}],"about":[{"href":"https:\/\/mamafika.pl\/en\/wp-json\/wp\/v2\/types\/product"}],"wp:featuredmedia":[{"embeddable":true,"href":"https:\/\/mamafika.pl\/en\/wp-json\/wp\/v2\/media\/7437"}],"wp:attachment":[{"href":"https:\/\/mamafika.pl\/en\/wp-json\/wp\/v2\/media?parent=7443"}],"wp:term":[{"taxonomy":"product_brand","embeddable":true,"href":"https:\/\/mamafika.pl\/en\/wp-json\/wp\/v2\/product_brand?post=7443"},{"taxonomy":"product_cat","embeddable":true,"href":"https:\/\/mamafika.pl\/en\/wp-json\/wp\/v2\/product_cat?post=7443"},{"taxonomy":"product_tag","embeddable":true,"href":"https:\/\/mamafika.pl\/en\/wp-json\/wp\/v2\/product_tag?post=7443"}],"curies":[{"name":"wp","href":"https:\/\/api.w.org\/{rel}","templated":true}]}}