{"id":7516,"date":"2025-07-24T20:48:11","date_gmt":"2025-07-24T18:48:11","guid":{"rendered":"https:\/\/mamafika.pl\/?post_type=product&#038;p=7516"},"modified":"2025-09-18T12:22:44","modified_gmt":"2025-09-18T10:22:44","slug":"jeansowa-nerka-z-guzikiem","status":"publish","type":"product","link":"https:\/\/mamafika.pl\/en\/sklep\/nerki\/jeansowa-nerka-z-guzikiem\/","title":{"rendered":"(Kopia) (Kopia) (Kopia) (Kopia) (Kopia) (Kopia) (Kopia) (Kopia) (Kopia) (Kopia) (Kopia) (Kopia) (Kopia) (Kopia) (Kopia) (Kopia) (Kopia) (Kopia) (Kopia) (Kopia) (Kopia) (Kopia) (Kopia) (Kopia)"},"content":{"rendered":"<p class=\"qtranxs-available-languages-message qtranxs-available-languages-message-en\">Sorry, this entry is only available in <a href=\"https:\/\/mamafika.pl\/pl\/wp-json\/wp\/v2\/product\/7516\" class=\"qtranxs-available-language-link qtranxs-available-language-link-pl\" title=\"Polski\">Polski<\/a>.<\/p>\n","protected":false},"excerpt":{"rendered":"<p>(Polski) Jest to jedna z TYCH nerek, kt\u00f3ra si\u0119 ju\u017c nie powt\u00f3rzy. W \u015brodku wzmocniona wodoodpornym i usztywniaj\u0105cym wigofilem, dzi\u0119ki czemu utrzymuje sw\u00f3j kszta\u0142t. \u015arodek wyko\u0144czony sur\u00f3wk\u0105 p\u0142\u00f3cienn\u0105, wygrzeban\u0105 na starociach. G\u0142owna kiesze\u0144 jest duza i pojemna. Poza ni\u0105 znajdziecie w \u015brodku\u00a0 wszyt\u0105 kieszonk\u0119 zapinan\u0105 na zamek\u00a0 . Od wewn\u0119trznej strony nerki znajduje si\u0119 jeszcze jedna, dodatkowa kiesze\u0144, zapinana r\u00f3wnie\u017c na zamek. Nerka posiada parciany, trzycentymetrowy pasek, zapinany na srebrny karabi\u0144czyk.<\/p>\n<p>Kolory na zdj\u0119ciu mog\u0105 r\u00f3\u017cni\u0107 si\u0119 od rzeczywistych. Zale\u017cy to od preferencji monitora.<\/p>\n<p>Wymiary nerki: 34\/18\/8<\/p>\n<p>Obw\u00f3d minimalny\/maksymalny 80 cm\/120 cm<\/p>\n<p>Je\u015bli potrzebujesz zmiany w d\u0142ugo\u015bci paska wystarczy, \u017ce napiszesz.<\/p>\n<p>&nbsp;<\/p>\n","protected":false},"featured_media":7480,"template":"","meta":[],"product_brand":[],"product_cat":[396],"product_tag":[],"class_list":{"0":"post-7516","1":"product","2":"type-product","3":"status-publish","4":"has-post-thumbnail","6":"product_cat-nerki","8":"first","9":"outofstock","10":"shipping-taxable","11":"purchasable","12":"product-type-simple"},"jetpack_sharing_enabled":true,"_links":{"self":[{"href":"https:\/\/mamafika.pl\/en\/wp-json\/wp\/v2\/product\/7516"}],"collection":[{"href":"https:\/\/mamafika.pl\/en\/wp-json\/wp\/v2\/product"}],"about":[{"href":"https:\/\/mamafika.pl\/en\/wp-json\/wp\/v2\/types\/product"}],"wp:featuredmedia":[{"embeddable":true,"href":"https:\/\/mamafika.pl\/en\/wp-json\/wp\/v2\/media\/7480"}],"wp:attachment":[{"href":"https:\/\/mamafika.pl\/en\/wp-json\/wp\/v2\/media?parent=7516"}],"wp:term":[{"taxonomy":"product_brand","embeddable":true,"href":"https:\/\/mamafika.pl\/en\/wp-json\/wp\/v2\/product_brand?post=7516"},{"taxonomy":"product_cat","embeddable":true,"href":"https:\/\/mamafika.pl\/en\/wp-json\/wp\/v2\/product_cat?post=7516"},{"taxonomy":"product_tag","embeddable":true,"href":"https:\/\/mamafika.pl\/en\/wp-json\/wp\/v2\/product_tag?post=7516"}],"curies":[{"name":"wp","href":"https:\/\/api.w.org\/{rel}","templated":true}]}}