{"id":7520,"date":"2025-07-24T20:56:33","date_gmt":"2025-07-24T18:56:33","guid":{"rendered":"https:\/\/mamafika.pl\/?post_type=product&#038;p=7520"},"modified":"2025-08-08T13:08:34","modified_gmt":"2025-08-08T11:08:34","slug":"nerka-z-czarnego-sztruksu","status":"publish","type":"product","link":"https:\/\/mamafika.pl\/en\/sklep\/nerki\/nerka-z-czarnego-sztruksu\/","title":{"rendered":"(Kopia) (Kopia) (Kopia) (Kopia) (Kopia) (Kopia) (Kopia) (Kopia) (Kopia) (Kopia) (Kopia) (Kopia) (Kopia) (Kopia) (Kopia) (Kopia) (Kopia) (Kopia) (Kopia) (Kopia) (Kopia) (Kopia) (Kopia) (Kopia) (Kopia) (Kopia)"},"content":{"rendered":"<p class=\"qtranxs-available-languages-message qtranxs-available-languages-message-en\">Sorry, this entry is only available in <a href=\"https:\/\/mamafika.pl\/pl\/wp-json\/wp\/v2\/product\/7520\" class=\"qtranxs-available-language-link qtranxs-available-language-link-pl\" title=\"Polski\">Polski<\/a>.<\/p>\n","protected":false},"excerpt":{"rendered":"<p>(Polski) Jest to jedna z TYCH nerek, kt\u00f3ra b\u0119dzie w bardzo kr\u00f3tkiej serii. W \u015brodku wzmocniona wodoodpornym i usztywniaj\u0105cym wigofilem, dzi\u0119ki czemu utrzymuje sw\u00f3j kszta\u0142t. \u015arodek wyko\u0144czony czarn\u0105 bawe\u0142n\u0105. G\u0142owna kiesze\u0144 jest duza i pojemna. Poza ni\u0105 znajdziecie w \u015brodku\u00a0 wszyt\u0105 kieszonk\u0119 zapinan\u0105 na zamek. Od wewn\u0119trznej strony nerki znajduje si\u0119 jeszcze jedna, dodatkowa kiesze\u0144, zapinana r\u00f3wnie\u017c na zamek. Nerka posiada parciany, czterocentymetrowy pasek, zapinany na moc\u0105 klamr\u0119.<\/p>\n<p>Kolory na zdj\u0119ciu mog\u0105 r\u00f3\u017cni\u0107 si\u0119 od rzeczywistych. Zale\u017cy to od preferencji monitora.<\/p>\n<p>Wymiary nerki: 34\/18\/8<\/p>\n<p>Obw\u00f3d minimalny\/maksymalny 80 cm\/120 cm<\/p>\n<p>Je\u015bli potrzebujesz zmiany w d\u0142ugo\u015bci paska wystarczy, \u017ce napiszesz.<\/p>\n<p>&nbsp;<\/p>\n","protected":false},"featured_media":7519,"template":"","meta":[],"product_brand":[],"product_cat":[396],"product_tag":[],"class_list":{"0":"post-7520","1":"product","2":"type-product","3":"status-publish","4":"has-post-thumbnail","6":"product_cat-nerki","8":"first","9":"instock","10":"shipping-taxable","11":"purchasable","12":"product-type-simple"},"jetpack_sharing_enabled":true,"_links":{"self":[{"href":"https:\/\/mamafika.pl\/en\/wp-json\/wp\/v2\/product\/7520"}],"collection":[{"href":"https:\/\/mamafika.pl\/en\/wp-json\/wp\/v2\/product"}],"about":[{"href":"https:\/\/mamafika.pl\/en\/wp-json\/wp\/v2\/types\/product"}],"wp:featuredmedia":[{"embeddable":true,"href":"https:\/\/mamafika.pl\/en\/wp-json\/wp\/v2\/media\/7519"}],"wp:attachment":[{"href":"https:\/\/mamafika.pl\/en\/wp-json\/wp\/v2\/media?parent=7520"}],"wp:term":[{"taxonomy":"product_brand","embeddable":true,"href":"https:\/\/mamafika.pl\/en\/wp-json\/wp\/v2\/product_brand?post=7520"},{"taxonomy":"product_cat","embeddable":true,"href":"https:\/\/mamafika.pl\/en\/wp-json\/wp\/v2\/product_cat?post=7520"},{"taxonomy":"product_tag","embeddable":true,"href":"https:\/\/mamafika.pl\/en\/wp-json\/wp\/v2\/product_tag?post=7520"}],"curies":[{"name":"wp","href":"https:\/\/api.w.org\/{rel}","templated":true}]}}