{"id":7584,"date":"2025-08-08T13:03:34","date_gmt":"2025-08-08T11:03:34","guid":{"rendered":"https:\/\/mamafika.pl\/?post_type=product&#038;p=7584"},"modified":"2025-08-08T13:07:22","modified_gmt":"2025-08-08T11:07:22","slug":"nerka-z-klasycznych-jeansow-kopia","status":"publish","type":"product","link":"https:\/\/mamafika.pl\/en\/sklep\/nerki\/nerka-z-klasycznych-jeansow-kopia\/","title":{"rendered":"(Kopia) (Kopia) (Kopia) (Kopia) (Kopia) (Kopia) (Kopia) (Kopia) (Kopia) (Kopia) (Kopia) (Kopia) (Kopia) (Kopia) (Kopia) (Kopia) (Kopia) (Kopia) (Kopia) (Kopia) (Kopia) (Kopia) (Kopia) (Kopia) (Kopia) (Kopia) (Kopia) (Kopia)"},"content":{"rendered":"<p class=\"qtranxs-available-languages-message qtranxs-available-languages-message-en\">Sorry, this entry is only available in <a href=\"https:\/\/mamafika.pl\/pl\/wp-json\/wp\/v2\/product\/7584\" class=\"qtranxs-available-language-link qtranxs-available-language-link-pl\" title=\"Polski\">Polski<\/a>.<\/p>\n","protected":false},"excerpt":{"rendered":"<p>(Polski) Jest to jedna z TYCH nerek, kt\u00f3ra skrad\u0142a moje serce. Uszyta z p\u0142\u00f3ciennych zas\u0142on, kt\u00f3re ju\u017c przesta\u0142y s\u0142u\u017cy\u0107 jako zas\u0142ony. W \u015brodku wzmocniona wodoodpornym i usztywniaj\u0105cym wigofilem, dzi\u0119ki czemu utrzymuje sw\u00f3j kszta\u0142t. \u015arodek wyko\u0144czony sur\u00f3wk\u0105 lnian\u0105 . G\u0142owna kiesze\u0144 jest duza i pojemna. Poza ni\u0105 znajdziecie w \u015brodku\u00a0 wszyt\u0105 kieszonk\u0119 zapinan\u0105 na zamek. Od wewn\u0119trznej strony nerki znajduje si\u0119 jeszcze jedna, dodatkowa kiesze\u0144, zapinana r\u00f3wnie\u017c na zamek. Nerka posiada parciany, czterocentymetrowy pasek, zapinany na mocn\u0105 klamr\u0119.<\/p>\n<p>Kolory na zdj\u0119ciu mog\u0105 r\u00f3\u017cni\u0107 si\u0119 od rzeczywistych. Zale\u017cy to od preferencji monitora.<\/p>\n<p>Wymiary nerki: 34\/18\/8<\/p>\n<p>Obw\u00f3d minimalny\/maksymalny 80 cm\/120 cm<\/p>\n<p>Je\u015bli potrzebujesz zmiany w d\u0142ugo\u015bci paska wystarczy, \u017ce napiszesz.<\/p>\n<p>&nbsp;<\/p>\n","protected":false},"featured_media":7579,"template":"","meta":[],"product_brand":[],"product_cat":[396],"product_tag":[],"class_list":{"0":"post-7584","1":"product","2":"type-product","3":"status-publish","4":"has-post-thumbnail","6":"product_cat-nerki","8":"first","9":"instock","10":"shipping-taxable","11":"purchasable","12":"product-type-simple"},"jetpack_sharing_enabled":true,"_links":{"self":[{"href":"https:\/\/mamafika.pl\/en\/wp-json\/wp\/v2\/product\/7584"}],"collection":[{"href":"https:\/\/mamafika.pl\/en\/wp-json\/wp\/v2\/product"}],"about":[{"href":"https:\/\/mamafika.pl\/en\/wp-json\/wp\/v2\/types\/product"}],"wp:featuredmedia":[{"embeddable":true,"href":"https:\/\/mamafika.pl\/en\/wp-json\/wp\/v2\/media\/7579"}],"wp:attachment":[{"href":"https:\/\/mamafika.pl\/en\/wp-json\/wp\/v2\/media?parent=7584"}],"wp:term":[{"taxonomy":"product_brand","embeddable":true,"href":"https:\/\/mamafika.pl\/en\/wp-json\/wp\/v2\/product_brand?post=7584"},{"taxonomy":"product_cat","embeddable":true,"href":"https:\/\/mamafika.pl\/en\/wp-json\/wp\/v2\/product_cat?post=7584"},{"taxonomy":"product_tag","embeddable":true,"href":"https:\/\/mamafika.pl\/en\/wp-json\/wp\/v2\/product_tag?post=7584"}],"curies":[{"name":"wp","href":"https:\/\/api.w.org\/{rel}","templated":true}]}}