{"id":7615,"date":"2025-08-09T19:42:57","date_gmt":"2025-08-09T17:42:57","guid":{"rendered":"https:\/\/mamafika.pl\/?post_type=product&#038;p=7615"},"modified":"2025-08-09T20:05:29","modified_gmt":"2025-08-09T18:05:29","slug":"torba-veritas-kopia","status":"publish","type":"product","link":"https:\/\/mamafika.pl\/en\/sklep\/torby\/veritas\/torba-veritas-kopia\/","title":{"rendered":"(Kopia)"},"content":{"rendered":"<p class=\"qtranxs-available-languages-message qtranxs-available-languages-message-en\">Sorry, this entry is only available in <a href=\"https:\/\/mamafika.pl\/pl\/wp-json\/wp\/v2\/product\/7615\" class=\"qtranxs-available-language-link qtranxs-available-language-link-pl\" title=\"Polski\">Polski<\/a>.<\/p>\n","protected":false},"excerpt":{"rendered":"<p>(Polski) Wyj\u0105tkowa torba na rami\u0119, kt\u00f3ra \u0142\u0105czy w sobie funkcjonalno\u015b\u0107 i artystyczny charakter. Miejska, jedyna w swoim rodzaju, patchworkowa i pe\u0142na kolor\u00f3w \u2013 przyci\u0105ga wzrok i podkre\u015bla indywidualny styl. Jej du\u017cy rozmiar sprawia, \u017ce pomie\u015bci wszystko, czego potrzebujesz na co dzie\u0144, a praktyczna kiesze\u0144 na zamek zabezpieczy drobne przedmioty. Torba jest wzmocniona, aby s\u0142u\u017cy\u0107 Ci przez lata, a r\u0105czka wyko\u0144czona ozdobnym sznurkiem dodaje jej oryginalnego, r\u0119kodzielniczego uroku. Idealna do miasta, na zakupy czy spacer \u2013 niepowtarzalny dodatek, kt\u00f3rego nie znajdziesz nigdzie indziej.<\/p>\n","protected":false},"featured_media":7613,"template":"","meta":[],"product_brand":[],"product_cat":[418,416,417],"product_tag":[],"class_list":{"0":"post-7615","1":"product","2":"type-product","3":"status-publish","4":"has-post-thumbnail","6":"product_cat-niepowtarzalne","7":"product_cat-torby","8":"product_cat-veritas","10":"first","11":"instock","12":"shipping-taxable","13":"purchasable","14":"product-type-simple"},"jetpack_sharing_enabled":true,"_links":{"self":[{"href":"https:\/\/mamafika.pl\/en\/wp-json\/wp\/v2\/product\/7615"}],"collection":[{"href":"https:\/\/mamafika.pl\/en\/wp-json\/wp\/v2\/product"}],"about":[{"href":"https:\/\/mamafika.pl\/en\/wp-json\/wp\/v2\/types\/product"}],"wp:featuredmedia":[{"embeddable":true,"href":"https:\/\/mamafika.pl\/en\/wp-json\/wp\/v2\/media\/7613"}],"wp:attachment":[{"href":"https:\/\/mamafika.pl\/en\/wp-json\/wp\/v2\/media?parent=7615"}],"wp:term":[{"taxonomy":"product_brand","embeddable":true,"href":"https:\/\/mamafika.pl\/en\/wp-json\/wp\/v2\/product_brand?post=7615"},{"taxonomy":"product_cat","embeddable":true,"href":"https:\/\/mamafika.pl\/en\/wp-json\/wp\/v2\/product_cat?post=7615"},{"taxonomy":"product_tag","embeddable":true,"href":"https:\/\/mamafika.pl\/en\/wp-json\/wp\/v2\/product_tag?post=7615"}],"curies":[{"name":"wp","href":"https:\/\/api.w.org\/{rel}","templated":true}]}}