{"id":7620,"date":"2025-08-09T20:12:34","date_gmt":"2025-08-09T18:12:34","guid":{"rendered":"https:\/\/mamafika.pl\/?post_type=product&#038;p=7620"},"modified":"2025-08-09T20:19:42","modified_gmt":"2025-08-09T18:19:42","slug":"torba-veritas-minimal","status":"publish","type":"product","link":"https:\/\/mamafika.pl\/en\/sklep\/torby\/veritas\/torba-veritas-minimal\/","title":{"rendered":"(Kopia) (Kopia) (Kopia) (Kopia)"},"content":{"rendered":"<p class=\"qtranxs-available-languages-message qtranxs-available-languages-message-en\">Sorry, this entry is only available in <a href=\"https:\/\/mamafika.pl\/pl\/wp-json\/wp\/v2\/product\/7620\" class=\"qtranxs-available-language-link qtranxs-available-language-link-pl\" title=\"Polski\">Polski<\/a>.<\/p>\n","protected":false},"excerpt":{"rendered":"<p>(Polski) Du\u017ca i pojemna torba uszyta z p\u0142\u00f3tna, wyko\u0144czona bawe\u0142nian\u0105 podszewk\u0105. W \u015brodku znajduje si\u0119 praktyczna kiesze\u0144 zapinana na zamek \u2013 idealna na telefon, klucze czy portfel. Dodatkowa kiesze\u0144 zewn\u0119trzna, r\u00f3wnie\u017c na suwak, zapewnia szybki dost\u0119p do najpotrzebniejszych rzeczy.<\/p>\n<p>Torba pomie\u015bci wszystko, czego potrzebujesz na co dzie\u0144 \u2013 od laptopa, przez ksi\u0105\u017cki, po zakupy czy rzeczy na weekendowy wypad. Solidna i wygodna w noszeniu, zaprojektowana z my\u015bl\u0105 o funkcjonalno\u015bci i trwa\u0142o\u015bci.<\/p>\n<p>&nbsp;<\/p>\n","protected":false},"featured_media":7602,"template":"","meta":[],"product_brand":[],"product_cat":[418,416,417],"product_tag":[],"class_list":{"0":"post-7620","1":"product","2":"type-product","3":"status-publish","4":"has-post-thumbnail","6":"product_cat-niepowtarzalne","7":"product_cat-torby","8":"product_cat-veritas","10":"first","11":"instock","12":"shipping-taxable","13":"purchasable","14":"product-type-simple"},"jetpack_sharing_enabled":true,"_links":{"self":[{"href":"https:\/\/mamafika.pl\/en\/wp-json\/wp\/v2\/product\/7620"}],"collection":[{"href":"https:\/\/mamafika.pl\/en\/wp-json\/wp\/v2\/product"}],"about":[{"href":"https:\/\/mamafika.pl\/en\/wp-json\/wp\/v2\/types\/product"}],"wp:featuredmedia":[{"embeddable":true,"href":"https:\/\/mamafika.pl\/en\/wp-json\/wp\/v2\/media\/7602"}],"wp:attachment":[{"href":"https:\/\/mamafika.pl\/en\/wp-json\/wp\/v2\/media?parent=7620"}],"wp:term":[{"taxonomy":"product_brand","embeddable":true,"href":"https:\/\/mamafika.pl\/en\/wp-json\/wp\/v2\/product_brand?post=7620"},{"taxonomy":"product_cat","embeddable":true,"href":"https:\/\/mamafika.pl\/en\/wp-json\/wp\/v2\/product_cat?post=7620"},{"taxonomy":"product_tag","embeddable":true,"href":"https:\/\/mamafika.pl\/en\/wp-json\/wp\/v2\/product_tag?post=7620"}],"curies":[{"name":"wp","href":"https:\/\/api.w.org\/{rel}","templated":true}]}}